{"id":136,"date":"2024-11-19T22:34:34","date_gmt":"2024-11-19T22:34:34","guid":{"rendered":"https:\/\/acidecoracion.com\/sv\/?page_id=136"},"modified":"2025-03-29T14:24:57","modified_gmt":"2025-03-29T14:24:57","slug":"electrodomesticos","status":"publish","type":"page","link":"https:\/\/acidecoracion.com\/sv\/electrodomesticos\/","title":{"rendered":"Electrodom\u00e9sticos"},"content":{"rendered":"\t\t<div data-elementor-type=\"wp-page\" data-elementor-id=\"136\" class=\"elementor elementor-136\">\n\t\t\t\t\t\t<section class=\"elementor-section elementor-top-section elementor-element elementor-element-d6741b1 elementor-section-boxed elementor-section-height-default elementor-section-height-default\" data-id=\"d6741b1\" data-element_type=\"section\">\n\t\t\t\t\t\t<div class=\"elementor-container elementor-column-gap-default\">\n\t\t\t\t\t<div class=\"elementor-column elementor-col-100 elementor-top-column elementor-element elementor-element-bf3f5e0\" data-id=\"bf3f5e0\" data-element_type=\"column\">\n\t\t\t<div class=\"elementor-widget-wrap elementor-element-populated\">\n\t\t\t\t\t\t<section class=\"elementor-section elementor-inner-section elementor-element elementor-element-1e3404e elementor-section-content-middle elementor-section-boxed elementor-section-height-default elementor-section-height-default\" data-id=\"1e3404e\" data-element_type=\"section\">\n\t\t\t\t\t\t<div class=\"elementor-container elementor-column-gap-default\">\n\t\t\t\t\t<div class=\"elementor-column elementor-col-50 elementor-inner-column elementor-element elementor-element-58b243f\" data-id=\"58b243f\" data-element_type=\"column\">\n\t\t\t<div class=\"elementor-widget-wrap elementor-element-populated\">\n\t\t\t\t\t\t<div class=\"elementor-element elementor-element-3eca42f elementor-widget elementor-widget-text-editor\" data-id=\"3eca42f\" data-element_type=\"widget\" data-widget_type=\"text-editor.default\">\n\t\t\t\t<div class=\"elementor-widget-container\">\n\t\t\t\t\t\t\t\t\t<h3><mark>Electrodom\u00e9sticos<\/mark><\/h3>\t\t\t\t\t\t\t\t<\/div>\n\t\t\t\t<\/div>\n\t\t\t\t<div class=\"elementor-element elementor-element-cd38d95 elementor-widget elementor-widget-text-editor\" data-id=\"cd38d95\" data-element_type=\"widget\" data-widget_type=\"text-editor.default\">\n\t\t\t\t<div class=\"elementor-widget-container\">\n\t\t\t\t\t\t\t\t\t<p class=\"text-[var(--detail-home-color)] font-medium tracking-widest text-lg mb-5\">Estilo para Smeg es la forma en que un producto se comunica con su entorno y permite a los usuarios interactuar con \u00e9l, estableciendo as\u00ed una relaci\u00f3n con el usuario que va m\u00e1s all\u00e1 de las preocupaciones pr\u00e1cticas.<\/p><p class=\"text-[var(--detail-home-color)] font-medium tracking-widest text-lg mb-5\">Con esta idea, Smeg ha llevado a cabo una minuciosa investigaci\u00f3n est\u00e9tica y estil\u00edstica.<\/p><p class=\"text-[var(--detail-home-color)] font-medium tracking-widest text-lg mb-5\">Conoce nuestra l\u00ednea Smeg Retro Style disponible s\u00f3lo en ACI.<\/p><p class=\"text-[var(--detail-home-color)] font-medium tracking-widest text-lg mb-3\">&#8230; Dale clic a <strong>Descubre<\/strong> y descarga nuestro cat\u00e1logo.<\/p>\t\t\t\t\t\t\t\t<\/div>\n\t\t\t\t<\/div>\n\t\t<div class=\"elementor-element elementor-element-ddcc6de e-con-full e-flex e-con e-child\" data-id=\"ddcc6de\" data-element_type=\"container\" data-settings=\"{&quot;background_background&quot;:&quot;classic&quot;}\">\n\t\t\t\t<div class=\"elementor-element elementor-element-7eff083 elementor-align-center elementor-widget elementor-widget-button\" data-id=\"7eff083\" data-element_type=\"widget\" data-widget_type=\"button.default\">\n\t\t\t\t<div class=\"elementor-widget-container\">\n\t\t\t\t\t\t\t\t\t<div class=\"elementor-button-wrapper\">\n\t\t\t\t\t<a class=\"elementor-button elementor-size-sm elementor-animation-wobble-horizontal\" role=\"button\">\n\t\t\t\t\t\t<span class=\"elementor-button-content-wrapper\">\n\t\t\t\t\t\t<span class=\"elementor-button-icon\">\n\t\t\t\t<svg aria-hidden=\"true\" class=\"e-font-icon-svg e-far-hand-point-up\" viewBox=\"0 0 448 512\" xmlns=\"http:\/\/www.w3.org\/2000\/svg\"><path d=\"M105.6 83.2v86.177a115.52 115.52 0 0 0-22.4-2.176c-47.914 0-83.2 35.072-83.2 92 0 45.314 48.537 57.002 78.784 75.707 12.413 7.735 23.317 16.994 33.253 25.851l.146.131.148.129C129.807 376.338 136 384.236 136 391.2v2.679c-4.952 5.747-8 13.536-8 22.12v64c0 17.673 12.894 32 28.8 32h230.4c15.906 0 28.8-14.327 28.8-32v-64c0-8.584-3.048-16.373-8-22.12V391.2c0-28.688 40-67.137 40-127.2v-21.299c0-62.542-38.658-98.8-91.145-99.94-17.813-12.482-40.785-18.491-62.791-15.985A93.148 93.148 0 0 0 272 118.847V83.2C272 37.765 234.416 0 188.8 0c-45.099 0-83.2 38.101-83.2 83.2zm118.4 0v91.026c14.669-12.837 42.825-14.415 61.05 4.95 19.646-11.227 45.624-1.687 53.625 12.925 39.128-6.524 61.325 10.076 61.325 50.6V264c0 45.491-35.913 77.21-39.676 120H183.571c-2.964-25.239-21.222-42.966-39.596-59.075-12.65-11.275-25.3-21.725-39.875-30.799C80.712 279.645 48 267.994 48 259.2c0-23.375 8.8-44 35.2-44 35.2 0 53.075 26.4 70.4 26.4V83.2c0-18.425 16.5-35.2 35.2-35.2 18.975 0 35.2 16.225 35.2 35.2zM352 424c13.255 0 24 10.745 24 24s-10.745 24-24 24-24-10.745-24-24 10.745-24 24-24z\"><\/path><\/svg>\t\t\t<\/span>\n\t\t\t\t\t\t\t\t\t<span class=\"elementor-button-text\">Cat\u00e1logo<\/span>\n\t\t\t\t\t<\/span>\n\t\t\t\t\t<\/a>\n\t\t\t\t<\/div>\n\t\t\t\t\t\t\t\t<\/div>\n\t\t\t\t<\/div>\n\t\t\t\t<\/div>\n\t\t\t\t<div class=\"elementor-element elementor-element-9fba54b elementor-shape-rounded elementor-grid-0 e-grid-align-center elementor-widget elementor-widget-social-icons\" data-id=\"9fba54b\" data-element_type=\"widget\" data-widget_type=\"social-icons.default\">\n\t\t\t\t<div class=\"elementor-widget-container\">\n\t\t\t\t\t\t\t<div class=\"elementor-social-icons-wrapper elementor-grid\" role=\"list\">\n\t\t\t\t\t\t\t<span class=\"elementor-grid-item\" role=\"listitem\">\n\t\t\t\t\t<a class=\"elementor-icon elementor-social-icon elementor-social-icon-phone-alt elementor-repeater-item-bcb59c9\" href=\"tel:+50223882930\" target=\"_blank\">\n\t\t\t\t\t\t<span class=\"elementor-screen-only\">Phone-alt<\/span>\n\t\t\t\t\t\t<svg aria-hidden=\"true\" class=\"e-font-icon-svg e-fas-phone-alt\" viewBox=\"0 0 512 512\" xmlns=\"http:\/\/www.w3.org\/2000\/svg\"><path d=\"M497.39 361.8l-112-48a24 24 0 0 0-28 6.9l-49.6 60.6A370.66 370.66 0 0 1 130.6 204.11l60.6-49.6a23.94 23.94 0 0 0 6.9-28l-48-112A24.16 24.16 0 0 0 122.6.61l-104 24A24 24 0 0 0 0 48c0 256.5 207.9 464 464 464a24 24 0 0 0 23.4-18.6l24-104a24.29 24.29 0 0 0-14.01-27.6z\"><\/path><\/svg>\t\t\t\t\t<\/a>\n\t\t\t\t<\/span>\n\t\t\t\t\t\t\t<span class=\"elementor-grid-item\" role=\"listitem\">\n\t\t\t\t\t<a class=\"elementor-icon elementor-social-icon elementor-social-icon-whatsapp elementor-repeater-item-9ddb373\" href=\"https:\/\/api.whatsapp.com\/send\/?phone=%2B50240546311&#038;text&#038;type=phone_number&#038;app_absent=0\" target=\"_blank\">\n\t\t\t\t\t\t<span class=\"elementor-screen-only\">Whatsapp<\/span>\n\t\t\t\t\t\t<svg aria-hidden=\"true\" class=\"e-font-icon-svg e-fab-whatsapp\" viewBox=\"0 0 448 512\" xmlns=\"http:\/\/www.w3.org\/2000\/svg\"><path d=\"M380.9 97.1C339 55.1 283.2 32 223.9 32c-122.4 0-222 99.6-222 222 0 39.1 10.2 77.3 29.6 111L0 480l117.7-30.9c32.4 17.7 68.9 27 106.1 27h.1c122.3 0 224.1-99.6 224.1-222 0-59.3-25.2-115-67.1-157zm-157 341.6c-33.2 0-65.7-8.9-94-25.7l-6.7-4-69.8 18.3L72 359.2l-4.4-7c-18.5-29.4-28.2-63.3-28.2-98.2 0-101.7 82.8-184.5 184.6-184.5 49.3 0 95.6 19.2 130.4 54.1 34.8 34.9 56.2 81.2 56.1 130.5 0 101.8-84.9 184.6-186.6 184.6zm101.2-138.2c-5.5-2.8-32.8-16.2-37.9-18-5.1-1.9-8.8-2.8-12.5 2.8-3.7 5.6-14.3 18-17.6 21.8-3.2 3.7-6.5 4.2-12 1.4-32.6-16.3-54-29.1-75.5-66-5.7-9.8 5.7-9.1 16.3-30.3 1.8-3.7.9-6.9-.5-9.7-1.4-2.8-12.5-30.1-17.1-41.2-4.5-10.8-9.1-9.3-12.5-9.5-3.2-.2-6.9-.2-10.6-.2-3.7 0-9.7 1.4-14.8 6.9-5.1 5.6-19.4 19-19.4 46.3 0 27.3 19.9 53.7 22.6 57.4 2.8 3.7 39.1 59.7 94.8 83.8 35.2 15.2 49 16.5 66.6 13.9 10.7-1.6 32.8-13.4 37.4-26.4 4.6-13 4.6-24.1 3.2-26.4-1.3-2.5-5-3.9-10.5-6.6z\"><\/path><\/svg>\t\t\t\t\t<\/a>\n\t\t\t\t<\/span>\n\t\t\t\t\t<\/div>\n\t\t\t\t\t\t<\/div>\n\t\t\t\t<\/div>\n\t\t\t\t\t<\/div>\n\t\t<\/div>\n\t\t\t\t<div class=\"elementor-column elementor-col-50 elementor-inner-column elementor-element elementor-element-3b3fef9\" data-id=\"3b3fef9\" data-element_type=\"column\">\n\t\t\t<div class=\"elementor-widget-wrap elementor-element-populated\">\n\t\t\t\t\t\t<div class=\"elementor-element elementor-element-d25adc8 elementor-widget elementor-widget-spacer\" data-id=\"d25adc8\" data-element_type=\"widget\" data-widget_type=\"spacer.default\">\n\t\t\t\t<div class=\"elementor-widget-container\">\n\t\t\t\t\t\t\t<div class=\"elementor-spacer\">\n\t\t\t<div class=\"elementor-spacer-inner\"><\/div>\n\t\t<\/div>\n\t\t\t\t\t\t<\/div>\n\t\t\t\t<\/div>\n\t\t\t\t<div class=\"elementor-element elementor-element-e9c3e43 elementor-widget elementor-widget-image\" data-id=\"e9c3e43\" data-element_type=\"widget\" data-widget_type=\"image.default\">\n\t\t\t\t<div class=\"elementor-widget-container\">\n\t\t\t\t\t\t\t\t\t\t\t\t\t\t\t<img fetchpriority=\"high\" decoding=\"async\" width=\"1024\" height=\"681\" src=\"https:\/\/acidecoracion.com\/sv\/wp-content\/uploads\/2024\/11\/img-02-1024x681.webp\" class=\"attachment-large size-large wp-image-91\" alt=\"\" srcset=\"https:\/\/acidecoracion.com\/sv\/wp-content\/uploads\/2024\/11\/img-02-1024x681.webp 1024w, https:\/\/acidecoracion.com\/sv\/wp-content\/uploads\/2024\/11\/img-02-300x200.webp 300w, https:\/\/acidecoracion.com\/sv\/wp-content\/uploads\/2024\/11\/img-02-768x511.webp 768w, https:\/\/acidecoracion.com\/sv\/wp-content\/uploads\/2024\/11\/img-02.webp 1276w\" sizes=\"(max-width:767px) 480px, (max-width:1024px) 100vw, 1024px\" \/>\t\t\t\t\t\t\t\t\t\t\t\t\t\t\t<\/div>\n\t\t\t\t<\/div>\n\t\t\t\t\t<\/div>\n\t\t<\/div>\n\t\t\t\t\t<\/div>\n\t\t<\/section>\n\t\t\t\t\t<\/div>\n\t\t<\/div>\n\t\t\t\t\t<\/div>\n\t\t<\/section>\n\t\t<div class=\"elementor-element elementor-element-219387a e-flex e-con-boxed e-con e-parent\" data-id=\"219387a\" data-element_type=\"container\">\n\t\t\t\t\t<div class=\"e-con-inner\">\n\t\t\t\t<div class=\"elementor-element elementor-element-0b7efdd elementor-arrows-position-inside elementor-widget elementor-widget-image-carousel\" data-id=\"0b7efdd\" data-element_type=\"widget\" data-settings=\"{&quot;navigation&quot;:&quot;arrows&quot;,&quot;slides_to_show&quot;:&quot;4&quot;,&quot;image_spacing_custom&quot;:{&quot;unit&quot;:&quot;px&quot;,&quot;size&quot;:10,&quot;sizes&quot;:[]},&quot;autoplay&quot;:&quot;yes&quot;,&quot;pause_on_hover&quot;:&quot;yes&quot;,&quot;pause_on_interaction&quot;:&quot;yes&quot;,&quot;autoplay_speed&quot;:5000,&quot;infinite&quot;:&quot;yes&quot;,&quot;speed&quot;:500,&quot;image_spacing_custom_tablet&quot;:{&quot;unit&quot;:&quot;px&quot;,&quot;size&quot;:&quot;&quot;,&quot;sizes&quot;:[]},&quot;image_spacing_custom_mobile&quot;:{&quot;unit&quot;:&quot;px&quot;,&quot;size&quot;:&quot;&quot;,&quot;sizes&quot;:[]}}\" data-widget_type=\"image-carousel.default\">\n\t\t\t\t<div class=\"elementor-widget-container\">\n\t\t\t\t\t\t\t<div class=\"elementor-image-carousel-wrapper swiper\" role=\"region\" aria-roledescription=\"carousel\" aria-label=\"Carrusel de im\u00e1genes\" dir=\"ltr\">\n\t\t\t<div class=\"elementor-image-carousel swiper-wrapper\" aria-live=\"off\">\n\t\t\t\t\t\t\t\t<div class=\"swiper-slide\" role=\"group\" aria-roledescription=\"slide\" aria-label=\"1 de 6\"><figure class=\"swiper-slide-inner\"><img decoding=\"async\" class=\"swiper-slide-image\" src=\"https:\/\/acidecoracion.com\/sv\/wp-content\/uploads\/2025\/02\/1-15.png\" alt=\"1\" \/><\/figure><\/div><div class=\"swiper-slide\" role=\"group\" aria-roledescription=\"slide\" aria-label=\"2 de 6\"><figure class=\"swiper-slide-inner\"><img decoding=\"async\" class=\"swiper-slide-image\" src=\"https:\/\/acidecoracion.com\/sv\/wp-content\/uploads\/2025\/02\/2-15.png\" alt=\"2\" \/><\/figure><\/div><div class=\"swiper-slide\" role=\"group\" aria-roledescription=\"slide\" aria-label=\"3 de 6\"><figure class=\"swiper-slide-inner\"><img decoding=\"async\" class=\"swiper-slide-image\" src=\"https:\/\/acidecoracion.com\/sv\/wp-content\/uploads\/2025\/02\/3-13.png\" alt=\"3\" \/><\/figure><\/div><div class=\"swiper-slide\" role=\"group\" aria-roledescription=\"slide\" aria-label=\"4 de 6\"><figure class=\"swiper-slide-inner\"><img decoding=\"async\" class=\"swiper-slide-image\" src=\"https:\/\/acidecoracion.com\/sv\/wp-content\/uploads\/2025\/02\/4-12.png\" alt=\"4\" \/><\/figure><\/div><div class=\"swiper-slide\" role=\"group\" aria-roledescription=\"slide\" aria-label=\"5 de 6\"><figure class=\"swiper-slide-inner\"><img decoding=\"async\" class=\"swiper-slide-image\" src=\"https:\/\/acidecoracion.com\/sv\/wp-content\/uploads\/2025\/02\/5-12.png\" alt=\"5\" \/><\/figure><\/div><div class=\"swiper-slide\" role=\"group\" aria-roledescription=\"slide\" aria-label=\"6 de 6\"><figure class=\"swiper-slide-inner\"><img decoding=\"async\" class=\"swiper-slide-image\" src=\"https:\/\/acidecoracion.com\/sv\/wp-content\/uploads\/2025\/02\/6-9.png\" alt=\"6\" \/><\/figure><\/div>\t\t\t<\/div>\n\t\t\t\t\t\t\t\t\t\t\t\t<div class=\"elementor-swiper-button elementor-swiper-button-prev\" role=\"button\" tabindex=\"0\">\n\t\t\t\t\t\t<svg aria-hidden=\"true\" class=\"e-font-icon-svg e-eicon-chevron-left\" viewBox=\"0 0 1000 1000\" xmlns=\"http:\/\/www.w3.org\/2000\/svg\"><path d=\"M646 125C629 125 613 133 604 142L308 442C296 454 292 471 292 487 292 504 296 521 308 533L604 854C617 867 629 875 646 875 663 875 679 871 692 858 704 846 713 829 713 812 713 796 708 779 692 767L438 487 692 225C700 217 708 204 708 187 708 171 704 154 692 142 675 129 663 125 646 125Z\"><\/path><\/svg>\t\t\t\t\t<\/div>\n\t\t\t\t\t<div class=\"elementor-swiper-button elementor-swiper-button-next\" role=\"button\" tabindex=\"0\">\n\t\t\t\t\t\t<svg aria-hidden=\"true\" class=\"e-font-icon-svg e-eicon-chevron-right\" viewBox=\"0 0 1000 1000\" xmlns=\"http:\/\/www.w3.org\/2000\/svg\"><path d=\"M696 533C708 521 713 504 713 487 713 471 708 454 696 446L400 146C388 133 375 125 354 125 338 125 325 129 313 142 300 154 292 171 292 187 292 204 296 221 308 233L563 492 304 771C292 783 288 800 288 817 288 833 296 850 308 863 321 871 338 875 354 875 371 875 388 867 400 854L696 533Z\"><\/path><\/svg>\t\t\t\t\t<\/div>\n\t\t\t\t\n\t\t\t\t\t\t\t\t\t<\/div>\n\t\t\t\t\t\t<\/div>\n\t\t\t\t<\/div>\n\t\t\t\t\t<\/div>\n\t\t\t\t<\/div>\n\t\t\t\t<\/div>\n\t\t","protected":false},"excerpt":{"rendered":"<p>Electrodom\u00e9sticos Estilo para Smeg es la forma en que un producto se comunica con su entorno y permite a los usuarios interactuar con \u00e9l, estableciendo as\u00ed<span class=\"excerpt-hellip\"> [\u2026]<\/span><\/p>\n","protected":false},"author":1,"featured_media":0,"parent":0,"menu_order":0,"comment_status":"closed","ping_status":"closed","template":"","meta":{"_joinchat":[],"footnotes":""},"class_list":["post-136","page","type-page","status-publish","hentry"],"yoast_head":"<!-- This site is optimized with the Yoast SEO plugin v26.6 - https:\/\/yoast.com\/wordpress\/plugins\/seo\/ -->\n<title>Electrodom\u00e9sticos - ACI Decoraci\u00f3n - El Salvador<\/title>\n<meta name=\"robots\" content=\"index, follow, max-snippet:-1, max-image-preview:large, max-video-preview:-1\" \/>\n<link rel=\"canonical\" href=\"https:\/\/acidecoracion.com\/sv\/electrodomesticos\/\" \/>\n<meta property=\"og:locale\" content=\"es_ES\" \/>\n<meta property=\"og:type\" content=\"article\" \/>\n<meta property=\"og:title\" content=\"Electrodom\u00e9sticos - ACI Decoraci\u00f3n - El Salvador\" \/>\n<meta property=\"og:description\" content=\"Electrodom\u00e9sticos Estilo para Smeg es la forma en que un producto se comunica con su entorno y permite a los usuarios interactuar con \u00e9l, estableciendo as\u00ed [\u2026]\" \/>\n<meta property=\"og:url\" content=\"https:\/\/acidecoracion.com\/sv\/electrodomesticos\/\" \/>\n<meta property=\"og:site_name\" content=\"ACI Decoraci\u00f3n - El Salvador\" \/>\n<meta property=\"article:publisher\" content=\"https:\/\/www.facebook.com\/ACIToldosSombrasyMuebles\/\" \/>\n<meta property=\"article:modified_time\" content=\"2025-03-29T14:24:57+00:00\" \/>\n<meta property=\"og:image\" content=\"https:\/\/acidecoracion.com\/sv\/wp-content\/uploads\/2024\/11\/img-02.webp\" \/>\n\t<meta property=\"og:image:width\" content=\"1276\" \/>\n\t<meta property=\"og:image:height\" content=\"849\" \/>\n\t<meta property=\"og:image:type\" content=\"image\/webp\" \/>\n<meta name=\"twitter:card\" content=\"summary_large_image\" \/>\n<meta name=\"twitter:label1\" content=\"Tiempo de lectura\" \/>\n\t<meta name=\"twitter:data1\" content=\"4 minutos\" \/>\n<script type=\"application\/ld+json\" class=\"yoast-schema-graph\">{\"@context\":\"https:\/\/schema.org\",\"@graph\":[{\"@type\":\"WebPage\",\"@id\":\"https:\/\/acidecoracion.com\/sv\/electrodomesticos\/\",\"url\":\"https:\/\/acidecoracion.com\/sv\/electrodomesticos\/\",\"name\":\"Electrodom\u00e9sticos - ACI Decoraci\u00f3n - El Salvador\",\"isPartOf\":{\"@id\":\"https:\/\/acidecoracion.com\/sv\/#website\"},\"primaryImageOfPage\":{\"@id\":\"https:\/\/acidecoracion.com\/sv\/electrodomesticos\/#primaryimage\"},\"image\":{\"@id\":\"https:\/\/acidecoracion.com\/sv\/electrodomesticos\/#primaryimage\"},\"thumbnailUrl\":\"https:\/\/acidecoracion.com\/sv\/wp-content\/uploads\/2024\/11\/img-02-1024x681.webp\",\"datePublished\":\"2024-11-19T22:34:34+00:00\",\"dateModified\":\"2025-03-29T14:24:57+00:00\",\"breadcrumb\":{\"@id\":\"https:\/\/acidecoracion.com\/sv\/electrodomesticos\/#breadcrumb\"},\"inLanguage\":\"es\",\"potentialAction\":[{\"@type\":\"ReadAction\",\"target\":[\"https:\/\/acidecoracion.com\/sv\/electrodomesticos\/\"]}]},{\"@type\":\"ImageObject\",\"inLanguage\":\"es\",\"@id\":\"https:\/\/acidecoracion.com\/sv\/electrodomesticos\/#primaryimage\",\"url\":\"https:\/\/acidecoracion.com\/sv\/wp-content\/uploads\/2024\/11\/img-02.webp\",\"contentUrl\":\"https:\/\/acidecoracion.com\/sv\/wp-content\/uploads\/2024\/11\/img-02.webp\",\"width\":1276,\"height\":849},{\"@type\":\"BreadcrumbList\",\"@id\":\"https:\/\/acidecoracion.com\/sv\/electrodomesticos\/#breadcrumb\",\"itemListElement\":[{\"@type\":\"ListItem\",\"position\":1,\"name\":\"Home\",\"item\":\"https:\/\/acidecoracion.com\/sv\/\"},{\"@type\":\"ListItem\",\"position\":2,\"name\":\"Electrodom\u00e9sticos\"}]},{\"@type\":\"WebSite\",\"@id\":\"https:\/\/acidecoracion.com\/sv\/#website\",\"url\":\"https:\/\/acidecoracion.com\/sv\/\",\"name\":\"ACI\",\"description\":\"Distribuimos muebles de exterior\",\"publisher\":{\"@id\":\"https:\/\/acidecoracion.com\/sv\/#organization\"},\"potentialAction\":[{\"@type\":\"SearchAction\",\"target\":{\"@type\":\"EntryPoint\",\"urlTemplate\":\"https:\/\/acidecoracion.com\/sv\/?s={search_term_string}\"},\"query-input\":{\"@type\":\"PropertyValueSpecification\",\"valueRequired\":true,\"valueName\":\"search_term_string\"}}],\"inLanguage\":\"es\"},{\"@type\":\"Organization\",\"@id\":\"https:\/\/acidecoracion.com\/sv\/#organization\",\"name\":\"ACI Decoraci\u00f3n\",\"url\":\"https:\/\/acidecoracion.com\/sv\/\",\"logo\":{\"@type\":\"ImageObject\",\"inLanguage\":\"es\",\"@id\":\"https:\/\/acidecoracion.com\/sv\/#\/schema\/logo\/image\/\",\"url\":\"https:\/\/acidecoracion.com\/sv\/wp-content\/uploads\/2024\/11\/aci-logo.webp\",\"contentUrl\":\"https:\/\/acidecoracion.com\/sv\/wp-content\/uploads\/2024\/11\/aci-logo.webp\",\"width\":1920,\"height\":549,\"caption\":\"ACI Decoraci\u00f3n\"},\"image\":{\"@id\":\"https:\/\/acidecoracion.com\/sv\/#\/schema\/logo\/image\/\"},\"sameAs\":[\"https:\/\/www.facebook.com\/ACIToldosSombrasyMuebles\/\"]}]}<\/script>\n<!-- \/ Yoast SEO plugin. -->","yoast_head_json":{"title":"Electrodom\u00e9sticos - ACI Decoraci\u00f3n - El Salvador","robots":{"index":"index","follow":"follow","max-snippet":"max-snippet:-1","max-image-preview":"max-image-preview:large","max-video-preview":"max-video-preview:-1"},"canonical":"https:\/\/acidecoracion.com\/sv\/electrodomesticos\/","og_locale":"es_ES","og_type":"article","og_title":"Electrodom\u00e9sticos - ACI Decoraci\u00f3n - El Salvador","og_description":"Electrodom\u00e9sticos Estilo para Smeg es la forma en que un producto se comunica con su entorno y permite a los usuarios interactuar con \u00e9l, estableciendo as\u00ed [\u2026]","og_url":"https:\/\/acidecoracion.com\/sv\/electrodomesticos\/","og_site_name":"ACI Decoraci\u00f3n - El Salvador","article_publisher":"https:\/\/www.facebook.com\/ACIToldosSombrasyMuebles\/","article_modified_time":"2025-03-29T14:24:57+00:00","og_image":[{"width":1276,"height":849,"url":"https:\/\/acidecoracion.com\/sv\/wp-content\/uploads\/2024\/11\/img-02.webp","type":"image\/webp"}],"twitter_card":"summary_large_image","twitter_misc":{"Tiempo de lectura":"4 minutos"},"schema":{"@context":"https:\/\/schema.org","@graph":[{"@type":"WebPage","@id":"https:\/\/acidecoracion.com\/sv\/electrodomesticos\/","url":"https:\/\/acidecoracion.com\/sv\/electrodomesticos\/","name":"Electrodom\u00e9sticos - ACI Decoraci\u00f3n - El Salvador","isPartOf":{"@id":"https:\/\/acidecoracion.com\/sv\/#website"},"primaryImageOfPage":{"@id":"https:\/\/acidecoracion.com\/sv\/electrodomesticos\/#primaryimage"},"image":{"@id":"https:\/\/acidecoracion.com\/sv\/electrodomesticos\/#primaryimage"},"thumbnailUrl":"https:\/\/acidecoracion.com\/sv\/wp-content\/uploads\/2024\/11\/img-02-1024x681.webp","datePublished":"2024-11-19T22:34:34+00:00","dateModified":"2025-03-29T14:24:57+00:00","breadcrumb":{"@id":"https:\/\/acidecoracion.com\/sv\/electrodomesticos\/#breadcrumb"},"inLanguage":"es","potentialAction":[{"@type":"ReadAction","target":["https:\/\/acidecoracion.com\/sv\/electrodomesticos\/"]}]},{"@type":"ImageObject","inLanguage":"es","@id":"https:\/\/acidecoracion.com\/sv\/electrodomesticos\/#primaryimage","url":"https:\/\/acidecoracion.com\/sv\/wp-content\/uploads\/2024\/11\/img-02.webp","contentUrl":"https:\/\/acidecoracion.com\/sv\/wp-content\/uploads\/2024\/11\/img-02.webp","width":1276,"height":849},{"@type":"BreadcrumbList","@id":"https:\/\/acidecoracion.com\/sv\/electrodomesticos\/#breadcrumb","itemListElement":[{"@type":"ListItem","position":1,"name":"Home","item":"https:\/\/acidecoracion.com\/sv\/"},{"@type":"ListItem","position":2,"name":"Electrodom\u00e9sticos"}]},{"@type":"WebSite","@id":"https:\/\/acidecoracion.com\/sv\/#website","url":"https:\/\/acidecoracion.com\/sv\/","name":"ACI","description":"Distribuimos muebles de exterior","publisher":{"@id":"https:\/\/acidecoracion.com\/sv\/#organization"},"potentialAction":[{"@type":"SearchAction","target":{"@type":"EntryPoint","urlTemplate":"https:\/\/acidecoracion.com\/sv\/?s={search_term_string}"},"query-input":{"@type":"PropertyValueSpecification","valueRequired":true,"valueName":"search_term_string"}}],"inLanguage":"es"},{"@type":"Organization","@id":"https:\/\/acidecoracion.com\/sv\/#organization","name":"ACI Decoraci\u00f3n","url":"https:\/\/acidecoracion.com\/sv\/","logo":{"@type":"ImageObject","inLanguage":"es","@id":"https:\/\/acidecoracion.com\/sv\/#\/schema\/logo\/image\/","url":"https:\/\/acidecoracion.com\/sv\/wp-content\/uploads\/2024\/11\/aci-logo.webp","contentUrl":"https:\/\/acidecoracion.com\/sv\/wp-content\/uploads\/2024\/11\/aci-logo.webp","width":1920,"height":549,"caption":"ACI Decoraci\u00f3n"},"image":{"@id":"https:\/\/acidecoracion.com\/sv\/#\/schema\/logo\/image\/"},"sameAs":["https:\/\/www.facebook.com\/ACIToldosSombrasyMuebles\/"]}]}},"_links":{"self":[{"href":"https:\/\/acidecoracion.com\/sv\/wp-json\/wp\/v2\/pages\/136","targetHints":{"allow":["GET"]}}],"collection":[{"href":"https:\/\/acidecoracion.com\/sv\/wp-json\/wp\/v2\/pages"}],"about":[{"href":"https:\/\/acidecoracion.com\/sv\/wp-json\/wp\/v2\/types\/page"}],"author":[{"embeddable":true,"href":"https:\/\/acidecoracion.com\/sv\/wp-json\/wp\/v2\/users\/1"}],"replies":[{"embeddable":true,"href":"https:\/\/acidecoracion.com\/sv\/wp-json\/wp\/v2\/comments?post=136"}],"version-history":[{"count":28,"href":"https:\/\/acidecoracion.com\/sv\/wp-json\/wp\/v2\/pages\/136\/revisions"}],"predecessor-version":[{"id":1659,"href":"https:\/\/acidecoracion.com\/sv\/wp-json\/wp\/v2\/pages\/136\/revisions\/1659"}],"wp:attachment":[{"href":"https:\/\/acidecoracion.com\/sv\/wp-json\/wp\/v2\/media?parent=136"}],"curies":[{"name":"wp","href":"https:\/\/api.w.org\/{rel}","templated":true}]}}