{"id":12,"date":"2024-11-19T19:03:58","date_gmt":"2024-11-19T19:03:58","guid":{"rendered":"https:\/\/acidecoracion.com\/sv\/?page_id=12"},"modified":"2025-03-31T13:09:17","modified_gmt":"2025-03-31T13:09:17","slug":"nosotros","status":"publish","type":"page","link":"https:\/\/acidecoracion.com\/sv\/nosotros\/","title":{"rendered":"Nosotros"},"content":{"rendered":"\t\t<div data-elementor-type=\"wp-page\" data-elementor-id=\"12\" class=\"elementor elementor-12\">\n\t\t\t\t\t\t<section class=\"elementor-section elementor-top-section elementor-element elementor-element-bfe42e4 elementor-section-content-middle elementor-section-boxed elementor-section-height-default elementor-section-height-default\" data-id=\"bfe42e4\" data-element_type=\"section\">\n\t\t\t\t\t\t<div class=\"elementor-container elementor-column-gap-default\">\n\t\t\t\t\t<div class=\"elementor-column elementor-col-100 elementor-top-column elementor-element elementor-element-f5c6514\" data-id=\"f5c6514\" data-element_type=\"column\">\n\t\t\t<div class=\"elementor-widget-wrap elementor-element-populated\">\n\t\t\t\t\t\t<section class=\"elementor-section elementor-inner-section elementor-element elementor-element-f130021 elementor-section-content-middle elementor-section-boxed elementor-section-height-default elementor-section-height-default\" data-id=\"f130021\" data-element_type=\"section\">\n\t\t\t\t\t\t<div class=\"elementor-container elementor-column-gap-default\">\n\t\t\t\t\t<div class=\"elementor-column elementor-col-50 elementor-inner-column elementor-element elementor-element-7e0f7d0\" data-id=\"7e0f7d0\" data-element_type=\"column\">\n\t\t\t<div class=\"elementor-widget-wrap elementor-element-populated\">\n\t\t\t\t\t\t<div class=\"elementor-element elementor-element-fc261ce elementor-widget elementor-widget-text-editor\" data-id=\"fc261ce\" data-element_type=\"widget\" data-widget_type=\"text-editor.default\">\n\t\t\t\t<div class=\"elementor-widget-container\">\n\t\t\t\t\t\t\t\t\t<h2><mark>Acerca de nosotros<\/mark><\/h2>\t\t\t\t\t\t\t\t<\/div>\n\t\t\t\t<\/div>\n\t\t\t\t<div class=\"elementor-element elementor-element-bf800c7 elementor-widget elementor-widget-text-editor\" data-id=\"bf800c7\" data-element_type=\"widget\" data-widget_type=\"text-editor.default\">\n\t\t\t\t<div class=\"elementor-widget-container\">\n\t\t\t\t\t\t\t\t\t<p><mark>Expertos en Decoraci\u00f3n<\/mark><\/p>\t\t\t\t\t\t\t\t<\/div>\n\t\t\t\t<\/div>\n\t\t\t\t<div class=\"elementor-element elementor-element-4fd6fd2 elementor-widget elementor-widget-text-editor\" data-id=\"4fd6fd2\" data-element_type=\"widget\" data-widget_type=\"text-editor.default\">\n\t\t\t\t<div class=\"elementor-widget-container\">\n\t\t\t\t\t\t\t\t\t<p><span style=\"font-weight: 400;\">Cambiamos totalmente el concepto del outdoor, distribuyendo e instalando productos italianos de calidad indiscutible<\/span>.<\/p><ul><li style=\"font-weight: 400;\" aria-level=\"1\"><span style=\"font-weight: 400;\">Muebles<\/span><\/li><li style=\"font-weight: 400;\" aria-level=\"1\"><span style=\"font-weight: 400;\">Toldos<\/span><\/li><li style=\"font-weight: 400;\" aria-level=\"1\"><span style=\"font-weight: 400;\">P\u00e9rgolas<\/span><\/li><li style=\"font-weight: 400;\" aria-level=\"1\"><span style=\"font-weight: 400;\">Rollers<\/span><\/li><li style=\"font-weight: 400;\" aria-level=\"1\"><span style=\"font-weight: 400;\">Velas para sombra<\/span><\/li><li style=\"font-weight: 400;\" aria-level=\"1\"><span style=\"font-weight: 400;\">Sombrillas gigantes italianas<\/span><\/li><li style=\"font-weight: 400;\" aria-level=\"1\"><span style=\"font-weight: 400;\">Electrodom\u00e9sticos SMEG<\/span><\/li><li style=\"font-weight: 400;\" aria-level=\"1\"><span style=\"font-weight: 400;\">Telas italianas IRISUN<\/span><\/li><\/ul>\t\t\t\t\t\t\t\t<\/div>\n\t\t\t\t<\/div>\n\t\t\t\t\t<\/div>\n\t\t<\/div>\n\t\t\t\t<div class=\"elementor-column elementor-col-50 elementor-inner-column elementor-element elementor-element-33fb13d\" data-id=\"33fb13d\" data-element_type=\"column\">\n\t\t\t<div class=\"elementor-widget-wrap elementor-element-populated\">\n\t\t\t\t\t\t<div class=\"elementor-element elementor-element-5538020 elementor-widget elementor-widget-image\" data-id=\"5538020\" data-element_type=\"widget\" data-widget_type=\"image.default\">\n\t\t\t\t<div class=\"elementor-widget-container\">\n\t\t\t\t\t\t\t\t\t\t\t\t\t\t\t<img fetchpriority=\"high\" decoding=\"async\" width=\"900\" height=\"600\" src=\"https:\/\/acidecoracion.com\/sv\/wp-content\/uploads\/2025\/03\/a1.png\" class=\"attachment-large size-large wp-image-1527\" alt=\"\" srcset=\"https:\/\/acidecoracion.com\/sv\/wp-content\/uploads\/2025\/03\/a1.png 900w, https:\/\/acidecoracion.com\/sv\/wp-content\/uploads\/2025\/03\/a1-500x333.png 500w, https:\/\/acidecoracion.com\/sv\/wp-content\/uploads\/2025\/03\/a1-300x200.png 300w, https:\/\/acidecoracion.com\/sv\/wp-content\/uploads\/2025\/03\/a1-768x512.png 768w, https:\/\/acidecoracion.com\/sv\/wp-content\/uploads\/2025\/03\/a1-113x75.png 113w, https:\/\/acidecoracion.com\/sv\/wp-content\/uploads\/2025\/03\/a1-480x320.png 480w, https:\/\/acidecoracion.com\/sv\/wp-content\/uploads\/2025\/03\/a1-800x533.png 800w\" sizes=\"(max-width:767px) 480px, (max-width:900px) 100vw, 900px\" \/>\t\t\t\t\t\t\t\t\t\t\t\t\t\t\t<\/div>\n\t\t\t\t<\/div>\n\t\t\t\t\t<\/div>\n\t\t<\/div>\n\t\t\t\t\t<\/div>\n\t\t<\/section>\n\t\t\t\t\t<\/div>\n\t\t<\/div>\n\t\t\t\t\t<\/div>\n\t\t<\/section>\n\t\t<div class=\"elementor-element elementor-element-7abbffc e-flex e-con-boxed e-con e-parent\" data-id=\"7abbffc\" data-element_type=\"container\">\n\t\t\t\t\t<div class=\"e-con-inner\">\n\t\t\t\t<div class=\"elementor-element elementor-element-105ad15 elementor-widget elementor-widget-spacer\" data-id=\"105ad15\" data-element_type=\"widget\" data-widget_type=\"spacer.default\">\n\t\t\t\t<div class=\"elementor-widget-container\">\n\t\t\t\t\t\t\t<div class=\"elementor-spacer\">\n\t\t\t<div class=\"elementor-spacer-inner\"><\/div>\n\t\t<\/div>\n\t\t\t\t\t\t<\/div>\n\t\t\t\t<\/div>\n\t\t\t\t\t<\/div>\n\t\t\t\t<\/div>\n\t\t\t\t<section class=\"elementor-section elementor-top-section elementor-element elementor-element-5725827 elementor-section-boxed elementor-section-height-default elementor-section-height-default\" data-id=\"5725827\" data-element_type=\"section\">\n\t\t\t\t\t\t<div class=\"elementor-container elementor-column-gap-default\">\n\t\t\t\t\t<div class=\"elementor-column elementor-col-100 elementor-top-column elementor-element elementor-element-7a8d82b\" data-id=\"7a8d82b\" data-element_type=\"column\">\n\t\t\t<div class=\"elementor-widget-wrap elementor-element-populated\">\n\t\t\t\t\t\t<section class=\"elementor-section elementor-inner-section elementor-element elementor-element-0b5d5a4 elementor-section-content-middle elementor-reverse-mobile elementor-section-boxed elementor-section-height-default elementor-section-height-default\" data-id=\"0b5d5a4\" data-element_type=\"section\">\n\t\t\t\t\t\t<div class=\"elementor-container elementor-column-gap-default\">\n\t\t\t\t\t<div class=\"elementor-column elementor-col-50 elementor-inner-column elementor-element elementor-element-f8f8b3c\" data-id=\"f8f8b3c\" data-element_type=\"column\">\n\t\t\t<div class=\"elementor-widget-wrap elementor-element-populated\">\n\t\t\t\t\t\t<div class=\"elementor-element elementor-element-f61afe8 elementor-widget elementor-widget-image\" data-id=\"f61afe8\" data-element_type=\"widget\" data-widget_type=\"image.default\">\n\t\t\t\t<div class=\"elementor-widget-container\">\n\t\t\t\t\t\t\t\t\t\t\t\t\t\t\t<img decoding=\"async\" width=\"1200\" height=\"800\" src=\"https:\/\/acidecoracion.com\/sv\/wp-content\/uploads\/2025\/03\/9-1200x800.jpg\" class=\"attachment-large size-large wp-image-1521\" alt=\"\" srcset=\"https:\/\/acidecoracion.com\/sv\/wp-content\/uploads\/2025\/03\/9-1200x800.jpg 1200w, https:\/\/acidecoracion.com\/sv\/wp-content\/uploads\/2025\/03\/9-500x333.jpg 500w, https:\/\/acidecoracion.com\/sv\/wp-content\/uploads\/2025\/03\/9-300x200.jpg 300w, https:\/\/acidecoracion.com\/sv\/wp-content\/uploads\/2025\/03\/9-768x512.jpg 768w, https:\/\/acidecoracion.com\/sv\/wp-content\/uploads\/2025\/03\/9-1536x1024.jpg 1536w, https:\/\/acidecoracion.com\/sv\/wp-content\/uploads\/2025\/03\/9-113x75.jpg 113w, https:\/\/acidecoracion.com\/sv\/wp-content\/uploads\/2025\/03\/9-480x320.jpg 480w, https:\/\/acidecoracion.com\/sv\/wp-content\/uploads\/2025\/03\/9-800x533.jpg 800w, https:\/\/acidecoracion.com\/sv\/wp-content\/uploads\/2025\/03\/9.jpg 1920w\" sizes=\"(max-width:767px) 480px, (max-width:1200px) 100vw, 1200px\" \/>\t\t\t\t\t\t\t\t\t\t\t\t\t\t\t<\/div>\n\t\t\t\t<\/div>\n\t\t\t\t\t<\/div>\n\t\t<\/div>\n\t\t\t\t<div class=\"elementor-column elementor-col-50 elementor-inner-column elementor-element elementor-element-5171384\" data-id=\"5171384\" data-element_type=\"column\">\n\t\t\t<div class=\"elementor-widget-wrap elementor-element-populated\">\n\t\t\t\t\t\t<div class=\"elementor-element elementor-element-8944bfa elementor-widget elementor-widget-text-editor\" data-id=\"8944bfa\" data-element_type=\"widget\" data-widget_type=\"text-editor.default\">\n\t\t\t\t<div class=\"elementor-widget-container\">\n\t\t\t\t\t\t\t\t\t<h2><mark>Nuestra Experiencia<\/mark><\/h2>\t\t\t\t\t\t\t\t<\/div>\n\t\t\t\t<\/div>\n\t\t\t\t<div class=\"elementor-element elementor-element-5249e31 elementor-widget elementor-widget-text-editor\" data-id=\"5249e31\" data-element_type=\"widget\" data-widget_type=\"text-editor.default\">\n\t\t\t\t<div class=\"elementor-widget-container\">\n\t\t\t\t\t\t\t\t\t<p><mark>Elegancia y Distinci\u00f3n<\/mark><\/p>\t\t\t\t\t\t\t\t<\/div>\n\t\t\t\t<\/div>\n\t\t\t\t<div class=\"elementor-element elementor-element-caf801f elementor-widget elementor-widget-text-editor\" data-id=\"caf801f\" data-element_type=\"widget\" data-widget_type=\"text-editor.default\">\n\t\t\t\t<div class=\"elementor-widget-container\">\n\t\t\t\t\t\t\t\t\t<p>Con m\u00e1s de 15 a\u00f1os de experiencia, nuestra selectividad en productos de excelencia y atenci\u00f3n a los detalles, junto con un equipo dedicado a brindar asesor\u00eda personalizada antes y despu\u00e9s de la venta, nos han consolidado como l\u00edderes en el mercado residencial y hotelero de la regi\u00f3n.<\/p>\t\t\t\t\t\t\t\t<\/div>\n\t\t\t\t<\/div>\n\t\t\t\t\t<\/div>\n\t\t<\/div>\n\t\t\t\t\t<\/div>\n\t\t<\/section>\n\t\t\t\t\t<\/div>\n\t\t<\/div>\n\t\t\t\t\t<\/div>\n\t\t<\/section>\n\t\t<div class=\"elementor-element elementor-element-4b8b24d e-flex e-con-boxed e-con e-parent\" data-id=\"4b8b24d\" data-element_type=\"container\">\n\t\t\t\t\t<div class=\"e-con-inner\">\n\t\t\t\t<div class=\"elementor-element elementor-element-d65acd5 elementor-widget elementor-widget-spacer\" data-id=\"d65acd5\" data-element_type=\"widget\" data-widget_type=\"spacer.default\">\n\t\t\t\t<div class=\"elementor-widget-container\">\n\t\t\t\t\t\t\t<div class=\"elementor-spacer\">\n\t\t\t<div class=\"elementor-spacer-inner\"><\/div>\n\t\t<\/div>\n\t\t\t\t\t\t<\/div>\n\t\t\t\t<\/div>\n\t\t\t\t\t<\/div>\n\t\t\t\t<\/div>\n\t\t<div class=\"elementor-element elementor-element-bf1d40b e-flex e-con-boxed e-con e-parent\" data-id=\"bf1d40b\" data-element_type=\"container\">\n\t\t\t\t\t<div class=\"e-con-inner\">\n\t\t\t\t<div class=\"elementor-element elementor-element-1e3c9ad elementor-widget elementor-widget-text-editor\" data-id=\"1e3c9ad\" data-element_type=\"widget\" data-widget_type=\"text-editor.default\">\n\t\t\t\t<div class=\"elementor-widget-container\">\n\t\t\t\t\t\t\t\t\t<h2><mark>Algunas de nuestras marcas<\/mark><\/h2>\t\t\t\t\t\t\t\t<\/div>\n\t\t\t\t<\/div>\n\t\t<div class=\"elementor-element elementor-element-8500c59 e-con-full e-flex e-con e-child\" data-id=\"8500c59\" data-element_type=\"container\">\n\t\t\t\t<div class=\"elementor-element elementor-element-f42c794 elementor-widget elementor-widget-image\" data-id=\"f42c794\" data-element_type=\"widget\" data-widget_type=\"image.default\">\n\t\t\t\t<div class=\"elementor-widget-container\">\n\t\t\t\t\t\t\t\t\t\t\t\t\t\t\t<img decoding=\"async\" width=\"466\" height=\"155\" src=\"https:\/\/acidecoracion.com\/sv\/wp-content\/uploads\/2024\/11\/logo-2.webp\" class=\"attachment-large size-large wp-image-112\" alt=\"\" srcset=\"https:\/\/acidecoracion.com\/sv\/wp-content\/uploads\/2024\/11\/logo-2.webp 466w, https:\/\/acidecoracion.com\/sv\/wp-content\/uploads\/2024\/11\/logo-2-300x100.webp 300w, https:\/\/acidecoracion.com\/sv\/wp-content\/uploads\/2024\/11\/logo-2-150x50.webp 150w\" sizes=\"(max-width:767px) 466px, 466px\" \/>\t\t\t\t\t\t\t\t\t\t\t\t\t\t\t<\/div>\n\t\t\t\t<\/div>\n\t\t\t\t<div class=\"elementor-element elementor-element-a43aed7 elementor-widget elementor-widget-image\" data-id=\"a43aed7\" data-element_type=\"widget\" data-widget_type=\"image.default\">\n\t\t\t\t<div class=\"elementor-widget-container\">\n\t\t\t\t\t\t\t\t\t\t\t\t\t\t\t<img loading=\"lazy\" decoding=\"async\" width=\"466\" height=\"155\" src=\"https:\/\/acidecoracion.com\/sv\/wp-content\/uploads\/2024\/11\/logo-3.webp\" class=\"attachment-large size-large wp-image-111\" alt=\"\" srcset=\"https:\/\/acidecoracion.com\/sv\/wp-content\/uploads\/2024\/11\/logo-3.webp 466w, https:\/\/acidecoracion.com\/sv\/wp-content\/uploads\/2024\/11\/logo-3-300x100.webp 300w, https:\/\/acidecoracion.com\/sv\/wp-content\/uploads\/2024\/11\/logo-3-150x50.webp 150w\" sizes=\"(max-width:767px) 466px, 466px\" \/>\t\t\t\t\t\t\t\t\t\t\t\t\t\t\t<\/div>\n\t\t\t\t<\/div>\n\t\t\t\t<div class=\"elementor-element elementor-element-66819b2 elementor-widget elementor-widget-image\" data-id=\"66819b2\" data-element_type=\"widget\" data-widget_type=\"image.default\">\n\t\t\t\t<div class=\"elementor-widget-container\">\n\t\t\t\t\t\t\t\t\t\t\t\t\t\t\t<img loading=\"lazy\" decoding=\"async\" width=\"448\" height=\"176\" src=\"https:\/\/acidecoracion.com\/sv\/wp-content\/uploads\/2024\/11\/logo-4.webp\" class=\"attachment-large size-large wp-image-110\" alt=\"\" srcset=\"https:\/\/acidecoracion.com\/sv\/wp-content\/uploads\/2024\/11\/logo-4.webp 448w, https:\/\/acidecoracion.com\/sv\/wp-content\/uploads\/2024\/11\/logo-4-300x118.webp 300w, https:\/\/acidecoracion.com\/sv\/wp-content\/uploads\/2024\/11\/logo-4-150x59.webp 150w\" sizes=\"(max-width:767px) 448px, 448px\" \/>\t\t\t\t\t\t\t\t\t\t\t\t\t\t\t<\/div>\n\t\t\t\t<\/div>\n\t\t\t\t<div class=\"elementor-element elementor-element-ce55583 elementor-widget elementor-widget-image\" data-id=\"ce55583\" data-element_type=\"widget\" data-widget_type=\"image.default\">\n\t\t\t\t<div class=\"elementor-widget-container\">\n\t\t\t\t\t\t\t\t\t\t\t\t\t\t\t<img loading=\"lazy\" decoding=\"async\" width=\"466\" height=\"155\" src=\"https:\/\/acidecoracion.com\/sv\/wp-content\/uploads\/2024\/11\/logo-5.webp\" class=\"attachment-large size-large wp-image-109\" alt=\"\" srcset=\"https:\/\/acidecoracion.com\/sv\/wp-content\/uploads\/2024\/11\/logo-5.webp 466w, https:\/\/acidecoracion.com\/sv\/wp-content\/uploads\/2024\/11\/logo-5-300x100.webp 300w, https:\/\/acidecoracion.com\/sv\/wp-content\/uploads\/2024\/11\/logo-5-150x50.webp 150w\" sizes=\"(max-width:767px) 466px, 466px\" \/>\t\t\t\t\t\t\t\t\t\t\t\t\t\t\t<\/div>\n\t\t\t\t<\/div>\n\t\t\t\t<\/div>\n\t\t\t\t\t<\/div>\n\t\t\t\t<\/div>\n\t\t\t\t<\/div>\n\t\t","protected":false},"excerpt":{"rendered":"<p>Acerca de nosotros Expertos en Decoraci\u00f3n Cambiamos totalmente el concepto del outdoor, distribuyendo e instalando productos italianos de calidad indiscutible. Muebles Toldos P\u00e9rgolas Rollers Velas para<span class=\"excerpt-hellip\"> [\u2026]<\/span><\/p>\n","protected":false},"author":1,"featured_media":0,"parent":0,"menu_order":0,"comment_status":"closed","ping_status":"closed","template":"","meta":{"_joinchat":[],"footnotes":""},"class_list":["post-12","page","type-page","status-publish","hentry"],"yoast_head":"<!-- This site is optimized with the Yoast SEO plugin v26.6 - https:\/\/yoast.com\/wordpress\/plugins\/seo\/ -->\n<title>Nosotros - ACI Decoraci\u00f3n - El Salvador<\/title>\n<meta name=\"robots\" content=\"index, follow, max-snippet:-1, max-image-preview:large, max-video-preview:-1\" \/>\n<link rel=\"canonical\" href=\"https:\/\/acidecoracion.com\/sv\/nosotros\/\" \/>\n<meta property=\"og:locale\" content=\"es_ES\" \/>\n<meta property=\"og:type\" content=\"article\" \/>\n<meta property=\"og:title\" content=\"Nosotros - ACI Decoraci\u00f3n - El Salvador\" \/>\n<meta property=\"og:description\" content=\"Acerca de nosotros Expertos en Decoraci\u00f3n Cambiamos totalmente el concepto del outdoor, distribuyendo e instalando productos italianos de calidad indiscutible. Muebles Toldos P\u00e9rgolas Rollers Velas para [\u2026]\" \/>\n<meta property=\"og:url\" content=\"https:\/\/acidecoracion.com\/sv\/nosotros\/\" \/>\n<meta property=\"og:site_name\" content=\"ACI Decoraci\u00f3n - El Salvador\" \/>\n<meta property=\"article:publisher\" content=\"https:\/\/www.facebook.com\/ACIToldosSombrasyMuebles\/\" \/>\n<meta property=\"article:modified_time\" content=\"2025-03-31T13:09:17+00:00\" \/>\n<meta property=\"og:image\" content=\"https:\/\/acidecoracion.com\/sv\/wp-content\/uploads\/2025\/03\/a1.png\" \/>\n\t<meta property=\"og:image:width\" content=\"900\" \/>\n\t<meta property=\"og:image:height\" content=\"600\" \/>\n\t<meta property=\"og:image:type\" content=\"image\/png\" \/>\n<meta name=\"twitter:card\" content=\"summary_large_image\" \/>\n<meta name=\"twitter:label1\" content=\"Tiempo de lectura\" \/>\n\t<meta name=\"twitter:data1\" content=\"2 minutos\" \/>\n<script type=\"application\/ld+json\" class=\"yoast-schema-graph\">{\"@context\":\"https:\/\/schema.org\",\"@graph\":[{\"@type\":\"WebPage\",\"@id\":\"https:\/\/acidecoracion.com\/sv\/nosotros\/\",\"url\":\"https:\/\/acidecoracion.com\/sv\/nosotros\/\",\"name\":\"Nosotros - ACI Decoraci\u00f3n - El Salvador\",\"isPartOf\":{\"@id\":\"https:\/\/acidecoracion.com\/sv\/#website\"},\"primaryImageOfPage\":{\"@id\":\"https:\/\/acidecoracion.com\/sv\/nosotros\/#primaryimage\"},\"image\":{\"@id\":\"https:\/\/acidecoracion.com\/sv\/nosotros\/#primaryimage\"},\"thumbnailUrl\":\"https:\/\/acidecoracion.com\/sv\/wp-content\/uploads\/2025\/03\/a1.png\",\"datePublished\":\"2024-11-19T19:03:58+00:00\",\"dateModified\":\"2025-03-31T13:09:17+00:00\",\"breadcrumb\":{\"@id\":\"https:\/\/acidecoracion.com\/sv\/nosotros\/#breadcrumb\"},\"inLanguage\":\"es\",\"potentialAction\":[{\"@type\":\"ReadAction\",\"target\":[\"https:\/\/acidecoracion.com\/sv\/nosotros\/\"]}]},{\"@type\":\"ImageObject\",\"inLanguage\":\"es\",\"@id\":\"https:\/\/acidecoracion.com\/sv\/nosotros\/#primaryimage\",\"url\":\"https:\/\/acidecoracion.com\/sv\/wp-content\/uploads\/2025\/03\/a1.png\",\"contentUrl\":\"https:\/\/acidecoracion.com\/sv\/wp-content\/uploads\/2025\/03\/a1.png\",\"width\":900,\"height\":600},{\"@type\":\"BreadcrumbList\",\"@id\":\"https:\/\/acidecoracion.com\/sv\/nosotros\/#breadcrumb\",\"itemListElement\":[{\"@type\":\"ListItem\",\"position\":1,\"name\":\"Home\",\"item\":\"https:\/\/acidecoracion.com\/sv\/\"},{\"@type\":\"ListItem\",\"position\":2,\"name\":\"Nosotros\"}]},{\"@type\":\"WebSite\",\"@id\":\"https:\/\/acidecoracion.com\/sv\/#website\",\"url\":\"https:\/\/acidecoracion.com\/sv\/\",\"name\":\"ACI\",\"description\":\"Distribuimos muebles de exterior\",\"publisher\":{\"@id\":\"https:\/\/acidecoracion.com\/sv\/#organization\"},\"potentialAction\":[{\"@type\":\"SearchAction\",\"target\":{\"@type\":\"EntryPoint\",\"urlTemplate\":\"https:\/\/acidecoracion.com\/sv\/?s={search_term_string}\"},\"query-input\":{\"@type\":\"PropertyValueSpecification\",\"valueRequired\":true,\"valueName\":\"search_term_string\"}}],\"inLanguage\":\"es\"},{\"@type\":\"Organization\",\"@id\":\"https:\/\/acidecoracion.com\/sv\/#organization\",\"name\":\"ACI Decoraci\u00f3n\",\"url\":\"https:\/\/acidecoracion.com\/sv\/\",\"logo\":{\"@type\":\"ImageObject\",\"inLanguage\":\"es\",\"@id\":\"https:\/\/acidecoracion.com\/sv\/#\/schema\/logo\/image\/\",\"url\":\"https:\/\/acidecoracion.com\/sv\/wp-content\/uploads\/2024\/11\/aci-logo.webp\",\"contentUrl\":\"https:\/\/acidecoracion.com\/sv\/wp-content\/uploads\/2024\/11\/aci-logo.webp\",\"width\":1920,\"height\":549,\"caption\":\"ACI Decoraci\u00f3n\"},\"image\":{\"@id\":\"https:\/\/acidecoracion.com\/sv\/#\/schema\/logo\/image\/\"},\"sameAs\":[\"https:\/\/www.facebook.com\/ACIToldosSombrasyMuebles\/\"]}]}<\/script>\n<!-- \/ Yoast SEO plugin. -->","yoast_head_json":{"title":"Nosotros - ACI Decoraci\u00f3n - El Salvador","robots":{"index":"index","follow":"follow","max-snippet":"max-snippet:-1","max-image-preview":"max-image-preview:large","max-video-preview":"max-video-preview:-1"},"canonical":"https:\/\/acidecoracion.com\/sv\/nosotros\/","og_locale":"es_ES","og_type":"article","og_title":"Nosotros - ACI Decoraci\u00f3n - El Salvador","og_description":"Acerca de nosotros Expertos en Decoraci\u00f3n Cambiamos totalmente el concepto del outdoor, distribuyendo e instalando productos italianos de calidad indiscutible. Muebles Toldos P\u00e9rgolas Rollers Velas para [\u2026]","og_url":"https:\/\/acidecoracion.com\/sv\/nosotros\/","og_site_name":"ACI Decoraci\u00f3n - El Salvador","article_publisher":"https:\/\/www.facebook.com\/ACIToldosSombrasyMuebles\/","article_modified_time":"2025-03-31T13:09:17+00:00","og_image":[{"width":900,"height":600,"url":"https:\/\/acidecoracion.com\/sv\/wp-content\/uploads\/2025\/03\/a1.png","type":"image\/png"}],"twitter_card":"summary_large_image","twitter_misc":{"Tiempo de lectura":"2 minutos"},"schema":{"@context":"https:\/\/schema.org","@graph":[{"@type":"WebPage","@id":"https:\/\/acidecoracion.com\/sv\/nosotros\/","url":"https:\/\/acidecoracion.com\/sv\/nosotros\/","name":"Nosotros - ACI Decoraci\u00f3n - El Salvador","isPartOf":{"@id":"https:\/\/acidecoracion.com\/sv\/#website"},"primaryImageOfPage":{"@id":"https:\/\/acidecoracion.com\/sv\/nosotros\/#primaryimage"},"image":{"@id":"https:\/\/acidecoracion.com\/sv\/nosotros\/#primaryimage"},"thumbnailUrl":"https:\/\/acidecoracion.com\/sv\/wp-content\/uploads\/2025\/03\/a1.png","datePublished":"2024-11-19T19:03:58+00:00","dateModified":"2025-03-31T13:09:17+00:00","breadcrumb":{"@id":"https:\/\/acidecoracion.com\/sv\/nosotros\/#breadcrumb"},"inLanguage":"es","potentialAction":[{"@type":"ReadAction","target":["https:\/\/acidecoracion.com\/sv\/nosotros\/"]}]},{"@type":"ImageObject","inLanguage":"es","@id":"https:\/\/acidecoracion.com\/sv\/nosotros\/#primaryimage","url":"https:\/\/acidecoracion.com\/sv\/wp-content\/uploads\/2025\/03\/a1.png","contentUrl":"https:\/\/acidecoracion.com\/sv\/wp-content\/uploads\/2025\/03\/a1.png","width":900,"height":600},{"@type":"BreadcrumbList","@id":"https:\/\/acidecoracion.com\/sv\/nosotros\/#breadcrumb","itemListElement":[{"@type":"ListItem","position":1,"name":"Home","item":"https:\/\/acidecoracion.com\/sv\/"},{"@type":"ListItem","position":2,"name":"Nosotros"}]},{"@type":"WebSite","@id":"https:\/\/acidecoracion.com\/sv\/#website","url":"https:\/\/acidecoracion.com\/sv\/","name":"ACI","description":"Distribuimos muebles de exterior","publisher":{"@id":"https:\/\/acidecoracion.com\/sv\/#organization"},"potentialAction":[{"@type":"SearchAction","target":{"@type":"EntryPoint","urlTemplate":"https:\/\/acidecoracion.com\/sv\/?s={search_term_string}"},"query-input":{"@type":"PropertyValueSpecification","valueRequired":true,"valueName":"search_term_string"}}],"inLanguage":"es"},{"@type":"Organization","@id":"https:\/\/acidecoracion.com\/sv\/#organization","name":"ACI Decoraci\u00f3n","url":"https:\/\/acidecoracion.com\/sv\/","logo":{"@type":"ImageObject","inLanguage":"es","@id":"https:\/\/acidecoracion.com\/sv\/#\/schema\/logo\/image\/","url":"https:\/\/acidecoracion.com\/sv\/wp-content\/uploads\/2024\/11\/aci-logo.webp","contentUrl":"https:\/\/acidecoracion.com\/sv\/wp-content\/uploads\/2024\/11\/aci-logo.webp","width":1920,"height":549,"caption":"ACI Decoraci\u00f3n"},"image":{"@id":"https:\/\/acidecoracion.com\/sv\/#\/schema\/logo\/image\/"},"sameAs":["https:\/\/www.facebook.com\/ACIToldosSombrasyMuebles\/"]}]}},"_links":{"self":[{"href":"https:\/\/acidecoracion.com\/sv\/wp-json\/wp\/v2\/pages\/12","targetHints":{"allow":["GET"]}}],"collection":[{"href":"https:\/\/acidecoracion.com\/sv\/wp-json\/wp\/v2\/pages"}],"about":[{"href":"https:\/\/acidecoracion.com\/sv\/wp-json\/wp\/v2\/types\/page"}],"author":[{"embeddable":true,"href":"https:\/\/acidecoracion.com\/sv\/wp-json\/wp\/v2\/users\/1"}],"replies":[{"embeddable":true,"href":"https:\/\/acidecoracion.com\/sv\/wp-json\/wp\/v2\/comments?post=12"}],"version-history":[{"count":34,"href":"https:\/\/acidecoracion.com\/sv\/wp-json\/wp\/v2\/pages\/12\/revisions"}],"predecessor-version":[{"id":1683,"href":"https:\/\/acidecoracion.com\/sv\/wp-json\/wp\/v2\/pages\/12\/revisions\/1683"}],"wp:attachment":[{"href":"https:\/\/acidecoracion.com\/sv\/wp-json\/wp\/v2\/media?parent=12"}],"curies":[{"name":"wp","href":"https:\/\/api.w.org\/{rel}","templated":true}]}}